{"id":21281,"date":"2021-07-27T11:13:16","date_gmt":"2021-07-27T08:13:16","guid":{"rendered":"http:\/\/fimaks.com\/presse-a-balle-et-enrubannage\/presse-a-balle-fimaks-1600\/"},"modified":"2021-07-27T11:13:24","modified_gmt":"2021-07-27T08:13:24","slug":"presse-a-balle-fimaks-1600","status":"publish","type":"page","link":"https:\/\/fimaks.com\/fr\/presse-a-balle-et-enrubannage\/presse-a-balle-fimaks-1600\/","title":{"rendered":"Presse a Balle &#8211; Fimaks 1600"},"content":{"rendered":"<div class='av-hotspot-image-container avia_animate_when_almost_visible   avia_animated_image avia_animate_when_almost_visible fade-in av-hotspot-numbered av-mobile-fallback-active    av-non-fullwidth-hotspot-image '  itemprop=\"ImageObject\" itemscope=\"itemscope\" itemtype=\"https:\/\/schema.org\/ImageObject\"  ><div class='av-hotspot-container'><div class='av-hotspot-container-inner-cell'><div class='av-hotspot-container-inner-wrap'><img class='avia_image ' src='https:\/\/fimaks.com\/wp-content\/uploads\/2021\/02\/1600.png' alt='' title='1600'   itemprop=\"thumbnailUrl\"  \/><\/div><\/div><\/div><\/div>\n<div style='padding-bottom:10px;' class='av-special-heading av-special-heading-h1  blockquote modern-quote modern-centered   av-thin-font '><h1 class='av-special-heading-tag '  itemprop=\"headline\"  >PRESSE A BALLE \u00c0 2 NOUEURS <br \/> | <strong>1600 <\/strong>|<\/h1><div class='special-heading-border'><div class='special-heading-inner-border' ><\/div><\/div><\/div>\n<div  class='hr hr-default  '><span class='hr-inner ' ><span class='hr-inner-style'><\/span><\/span><\/div>\n<section class=\"av_textblock_section \"  itemscope=\"itemscope\" itemtype=\"https:\/\/schema.org\/CreativeWork\" ><div class='avia_textblock  '   itemprop=\"text\" ><p>Fimaks baler models 1600 and 2690 are special machines of very light weight and maximum agility. Most technical solutions are similar to those of the larger models but, thanks to their unique specifications, they can be used on very steep or very soft terrains, like mountains or rice fields, providing a surprising farming experience. Among their accessories we find the hydraulic pick-up lift, the mechanic of hydraulic drawbar adjustment systems and the humidity sensor for the compression chamber.<\/p>\n<\/div><\/section>\n<div  class='hr hr-default  '><span class='hr-inner ' ><span class='hr-inner-style'><\/span><\/span><\/div>\n<div  class='avia-video avia-video-16-9   '  itemprop=\"video\" itemtype=\"https:\/\/schema.org\/VideoObject\" ><div class='avia-iframe-wrap'><iframe loading=\"lazy\" width=\"1500\" height=\"844\" src=\"https:\/\/www.youtube.com\/embed\/k6tG05OafUQ?feature=oembed\" frameborder=\"0\" allow=\"accelerometer; autoplay; clipboard-write; encrypted-media; gyroscope; picture-in-picture\" allowfullscreen><\/iframe><\/div><\/div>\n<div class='avia-data-table-wrap avia_responsive_table'><table class='avia-table avia-data-table avia-table-1  avia_pricing_default '  itemscope=\"itemscope\" itemtype=\"https:\/\/schema.org\/Table\" ><tbody><tr class=''><td class=''><strong>DETAILS TECHNIQUES<\/strong><\/td><td class=''><\/td><\/tr><tr class=''><td class=''>PUISSANCE RECOMMANDEE\u00a0(ch)<\/td><td class=''>25<\/td><\/tr><tr class=''><td class=''><strong>PERFORMANCE (SOUS CONDITIONS ID\u00c9ALES)<\/strong><\/td><td class=''><\/td><\/tr><tr class=''><td class=''>POIDS DE LA BALLE \u2013 PAILLE (kg)<\/td><td class=''>15-20<\/td><\/tr><tr class=''><td class=''>POIDS DE LA BALLE \u2013 FOIN (kg)<\/td><td class=''>20-30<\/td><\/tr><tr class=''><td class=''>BALLES PAR HEURE<\/td><td class=''>300 balles\/heure<\/td><\/tr><tr class=''><td class=''><strong>SYST\u00c8ME DE\u00a0PICK-UP <\/strong><\/td><td class=''><\/td><\/tr><tr class=''><td class=''>LARGEUR DE RAMASSAGE (cm)<\/td><td class=''>130<\/td><\/tr><tr class=''><td class=''>LARGEUR DE RAMASSAGE NET \u2013 MUR \u00c0 MUR (cm)<\/td><td class=''>114<\/td><\/tr><tr class=''><td class=''><strong>SYST\u00c8ME DE RAMASSAGE<\/strong><\/td><td class=''>15 DENTS\/4 BARRES<\/td><\/tr><tr class=''><td class=''>LEVAGE DE PICK-UP HYDRAULIQUE<\/td><td class=''>INCLUS<\/td><\/tr><tr class=''><td class=''>PNEU DE SUPPORT PICK-UP<\/td><td class=''>INCLUS<\/td><\/tr><tr class=''><td class=''><strong>HACHOIR<\/strong><\/td><td class=''>NON INCLUS<\/td><\/tr><tr class=''><td class=''><strong>CHAMBRE DE COMPRESSION ET QUEUE<\/strong><\/td><td class=''><\/td><\/tr><tr class=''><td class=''>DIMENSION DE LA BALLE (cm)<\/td><td class=''>36&#215;46<\/td><\/tr><tr class=''><td class=''>RAM ET VITESSE \/ MIN \u00c0 610 tr\/min<\/td><td class=''>66 cm &#8211; 100 tr\/min<\/td><\/tr><tr class=''><td class=''>TYPE DE QUEUE<\/td><td class=''>STANDARD<\/td><\/tr><tr class=''><td class=''><strong>D\u00c9TAILS DU NOUEUR<\/strong><\/td><td class=''><\/td><\/tr><tr class=''><td class=''><strong>NOUEURS<\/strong><\/td><td class=''>2\u00a0NOUEURS<\/td><\/tr><tr class=''><td class=''>LUMI\u00c8RES DE NOUEUR<\/td><td class=''>OPTIONNEL<\/td><\/tr><tr class=''><td class=''>SYST\u00c8ME DE LUBRIFICATION CENTRALIS\u00c9 DES NOUEURS<\/td><td class=''>OPTIONNEL<\/td><\/tr><tr class=''><td class=''>VENTILATEURS DE NOUEURS<\/td><td class=''>OPTIONNEL<\/td><\/tr><tr class=''><td class=''><strong>CHANGEMENT DE ROUTE EN POSITION DE TRAVAIL<\/strong><\/td><td class=''><\/td><\/tr><tr class=''><td class=''>MECANIQUE<\/td><td class=''>STANDARD<\/td><\/tr><tr class=''><td class=''>HYDRAULIQUE<\/td><td class=''>OPTIONNEL<\/td><\/tr><tr class=''><td class=''><strong>TRANSMISSION<\/strong><\/td><td class=''><\/td><\/tr><tr class=''><td class=''>TRANSMISSION AU NOUEUR<\/td><td class=''>CHA\u00ceNE<\/td><\/tr><tr class=''><td class=''>TRANSMISSION DE FOURCHE GAUCHE<\/td><td class=''>CHA\u00ceNE<\/td><\/tr><tr class=''><td class=''>TRANSMISSION DE FOURCHE DROITE<\/td><td class=''>CHA\u00ceNE<\/td><\/tr><tr class=''><td class=''>TRANSMISSION DE PICK-UP<\/td><td class=''>COURROIE<\/td><\/tr><tr class=''><td class=''>ARBRE DE PRISE DE FORCE STANDARD<\/td><td class=''>STANDARD<\/td><\/tr><tr class=''><td class=''>ARBRE DE PRISE DE FORCE GRAND ANGLE<\/td><td class=''>N&rsquo;EST PAS APPLICABLE<\/td><\/tr><tr class=''><td class=''>PRISES DE FORCE DOUBLES<\/td><td class=''>OPTIONNEL<\/td><\/tr><tr class=''><td class=''>CAPACIT\u00c9 DE LA BO\u00ceTE DE FILS<\/td><td class=''>4<\/td><\/tr><tr class=''><td class=''><strong>ACCESSOIRES<\/strong><\/td><td class=''><\/td><\/tr><tr class=''><td class=''>FEUX DE ROUTE<\/td><td class=''>STANDARD<\/td><\/tr><tr class=''><td class=''>COMPTEUR DE BALLES MECANIQUE<\/td><td class=''>STANDARD<\/td><\/tr><tr class=''><td class=''>COMPTEUR DE BALLES ELECTRONIQUE<\/td><td class=''>OPTIONNEL<\/td><\/tr><tr class=''><td class=''>L&rsquo;ESSIEU ARRI\u00c8RE EN ACIER<\/td><td class=''>OPTIONNEL<\/td><\/tr><tr class=''><td class=''><strong>DIMENSIONS DE LA MACHINE<\/strong><\/td><td class=''><\/td><\/tr><tr class=''><td class=''>LARGEUR<\/td><td class=''>187<\/td><\/tr><tr class=''><td class=''>LONGUEUR<\/td><td class=''>414<\/td><\/tr><tr class=''><td class=''>HAUTEUR<\/td><td class=''>160<\/td><\/tr><tr class=''><td class=''>DIMENSIONS PNEU GAUCHE<\/td><td class=''>10.0\/80-12<\/td><\/tr><tr class=''><td class=''>DIMENSIONS PNEUS DROIT<\/td><td class=''>7.00-12<\/td><\/tr><tr class=''><td class=''>POIDS<\/td><td class=''>1160<\/td><\/tr><\/tbody><\/table><\/div><style type='text\/css'><\/style>\n<div  class='hr hr-default  '><span class='hr-inner ' ><span class='hr-inner-style'><\/span><\/span><\/div>\n\t<div  class='av_promobox  avia-button-yes '>\t\t<div class='avia-promocontent'><p>\nCliquez ici pour obtenir des informations d\u00e9taill\u00e9es.<\/p>\n<\/div><div class='avia-button-wrap avia-button-right '><a href='' class='avia-button   avia-icon_select-no avia-color-theme-color avia-size-large avia-position-right '   ><span class='avia_iconbox_title' >CONTACT<\/span><\/a><\/div>\t<\/div>\n<div class='avia-image-container  av-styling-no-styling    avia-align-center '  itemprop=\"ImageObject\" itemscope=\"itemscope\" itemtype=\"https:\/\/schema.org\/ImageObject\"  ><div class='avia-image-container-inner'><a href='http:\/\/fimaks.com\/fr\/catalogues-en-ligne\/' class='avia_image'   target=\"_blank\" ><img class='avia_image ' src='https:\/\/fimaks.com\/wp-content\/uploads\/2018\/02\/YEM-KARMA-MAK\u0130NELER\u0130-KATALOG2.jpg' alt='YEM-KARMA-MAK\u0130NELER\u0130-KATALOG2' title='YEM-KARMA-MAK\u0130NELER\u0130-KATALOG2'  itemprop=\"thumbnailUrl\"  \/><\/a><\/div><\/div>\n","protected":false},"excerpt":{"rendered":"","protected":false},"author":1,"featured_media":0,"parent":20385,"menu_order":0,"comment_status":"closed","ping_status":"closed","template":"","meta":{"_exactmetrics_skip_tracking":false,"_exactmetrics_sitenote_active":false,"_exactmetrics_sitenote_note":"","_exactmetrics_sitenote_category":0,"footnotes":""},"yst_prominent_words":[],"class_list":["post-21281","page","type-page","status-publish","hentry"],"_links":{"self":[{"href":"https:\/\/fimaks.com\/fr\/wp-json\/wp\/v2\/pages\/21281","targetHints":{"allow":["GET"]}}],"collection":[{"href":"https:\/\/fimaks.com\/fr\/wp-json\/wp\/v2\/pages"}],"about":[{"href":"https:\/\/fimaks.com\/fr\/wp-json\/wp\/v2\/types\/page"}],"author":[{"embeddable":true,"href":"https:\/\/fimaks.com\/fr\/wp-json\/wp\/v2\/users\/1"}],"replies":[{"embeddable":true,"href":"https:\/\/fimaks.com\/fr\/wp-json\/wp\/v2\/comments?post=21281"}],"version-history":[{"count":61,"href":"https:\/\/fimaks.com\/fr\/wp-json\/wp\/v2\/pages\/21281\/revisions"}],"predecessor-version":[{"id":21342,"href":"https:\/\/fimaks.com\/fr\/wp-json\/wp\/v2\/pages\/21281\/revisions\/21342"}],"up":[{"embeddable":true,"href":"https:\/\/fimaks.com\/fr\/wp-json\/wp\/v2\/pages\/20385"}],"wp:attachment":[{"href":"https:\/\/fimaks.com\/fr\/wp-json\/wp\/v2\/media?parent=21281"}],"wp:term":[{"taxonomy":"yst_prominent_words","embeddable":true,"href":"https:\/\/fimaks.com\/fr\/wp-json\/wp\/v2\/yst_prominent_words?post=21281"}],"curies":[{"name":"wp","href":"https:\/\/api.w.org\/{rel}","templated":true}]}}