{"id":26031,"date":"2022-03-31T10:28:09","date_gmt":"2022-03-31T07:28:09","guid":{"rendered":"http:\/\/fimaks.com\/epandeur-a-lisier\/sivi-gubre-tanki-12000-lt\/"},"modified":"2022-03-31T17:23:10","modified_gmt":"2022-03-31T14:23:10","slug":"sivi-gubre-tanki-12000-lt","status":"publish","type":"page","link":"https:\/\/fimaks.com\/fr\/epandeur-a-lisier\/sivi-gubre-tanki-12000-lt\/","title":{"rendered":"SIVI G\u00dcBRE TANKI 12000 LT"},"content":{"rendered":"<div class='av-hotspot-image-container avia_animate_when_almost_visible   avia_animated_image avia_animate_when_almost_visible fade-in av-hotspot-numbered av-mobile-fallback-active    av-non-fullwidth-hotspot-image '  itemprop=\"ImageObject\" itemscope=\"itemscope\" itemtype=\"https:\/\/schema.org\/ImageObject\"  ><div class='av-hotspot-container'><div class='av-hotspot-container-inner-cell'><div class='av-hotspot-container-inner-wrap'><div class='av-image-hotspot' data-avia-tooltip-position='right' data-avia-tooltip-alignment='centered' data-avia-tooltip-class='av-tt-default-width av-tt-pos-right av-tt-align-centered  av-mobile-fallback-active  transparent_dark av-tt-hotspot' data-avia-tooltip='&lt;p&gt;Hidrolik Emi\u015f Sistemi&lt;\/p&gt;\n' style='top: 41.5%; left: 59.3%; '><div class='av-image-hotspot_inner' style='background-color: #c2c9ce; color: #000000;'>1<\/div><div class='av-image-hotspot-pulse' style='background-color:#e8e8e8;'><\/div><\/div><div class='av-image-hotspot' data-avia-tooltip-position='bottom' data-avia-tooltip-alignment='centered' data-avia-tooltip-class='av-tt-default-width av-tt-pos-below av-tt-align-centered  av-mobile-fallback-active  transparent_dark av-tt-hotspot' data-avia-tooltip='&lt;p&gt;G\u00fc\u00e7l\u00fc \u0130talyan Pompa&lt;\/p&gt;\n' style='top: 65.9%; left: 61.4%; '><div class='av-image-hotspot_inner' style='background-color: #c2c9ce; color: #000000;'>2<\/div><div class='av-image-hotspot-pulse' style='background-color:#ffffff;'><\/div><\/div><div class='av-image-hotspot' data-avia-tooltip-position='top' data-avia-tooltip-alignment='left' data-avia-tooltip-class='av-tt-default-width av-tt-pos-above av-tt-align-left  av-mobile-fallback-active  transparent_dark av-tt-hotspot' data-avia-tooltip='&lt;p&gt;Y\u00fcksek Bas\u0131n\u00e7 Sigorta Valfleri&lt;\/p&gt;\n' style='top: 57%; left: 57.6%; '><div class='av-image-hotspot_inner' style='background-color: #c2c9ce; color: #000000;'>3<\/div><div class='av-image-hotspot-pulse' style='background-color:#ffffff;'><\/div><\/div><div class='av-image-hotspot' data-avia-tooltip-position='top' data-avia-tooltip-alignment='left' data-avia-tooltip-class='av-tt-default-width av-tt-pos-above av-tt-align-left  av-mobile-fallback-active  transparent_dark av-tt-hotspot' data-avia-tooltip='&lt;p&gt;Dayan\u0131kl\u0131 Vanalar&lt;\/p&gt;\n' style='top: 58.8%; left: 46.9%; '><div class='av-image-hotspot_inner' style='background-color: #c2c9ce; color: #000000;'>4<\/div><div class='av-image-hotspot-pulse' style='background-color:#ffffff;'><\/div><\/div><div class='av-image-hotspot' data-avia-tooltip-position='top' data-avia-tooltip-alignment='left' data-avia-tooltip-class='av-tt-default-width av-tt-pos-above av-tt-align-left  av-mobile-fallback-active  transparent_dark av-tt-hotspot' data-avia-tooltip='&lt;p&gt;Ayarlanabilir Yay\u0131c\u0131 Plaka&lt;\/p&gt;\n' style='top: 54.3%; left: 21.9%; '><div class='av-image-hotspot_inner' style='background-color: #c2c9ce; color: #000000;'>5<\/div><div class='av-image-hotspot-pulse' style='background-color:#ffffff;'><\/div><\/div><div class='av-image-hotspot' data-avia-tooltip-position='top' data-avia-tooltip-alignment='left' data-avia-tooltip-class='av-tt-default-width av-tt-pos-above av-tt-align-left  av-mobile-fallback-active  transparent_dark av-tt-hotspot' data-avia-tooltip='&lt;p&gt;Ayarlanabilir Destek Aya\u011f\u0131&lt;\/p&gt;\n' style='top: 84.4%; left: 62.7%; '><div class='av-image-hotspot_inner' style='background-color: #c2c9ce; color: #000000;'>6<\/div><div class='av-image-hotspot-pulse' style='background-color:#ffffff;'><\/div><\/div><div class='av-image-hotspot' data-avia-tooltip-position='top' data-avia-tooltip-alignment='left' data-avia-tooltip-class='av-tt-default-width av-tt-pos-above av-tt-align-left  av-mobile-fallback-active  transparent_dark av-tt-hotspot' data-avia-tooltip='&lt;p&gt;D\u00fc\u015f\u00fck Bas\u0131n\u00e7 Sigorta Valfleri&lt;\/p&gt;\n' style='top: 19%; left: 42.7%; '><div class='av-image-hotspot_inner' style='background-color: #c2c9ce; color: #000000;'>7<\/div><div class='av-image-hotspot-pulse' style='background-color:#ffffff;'><\/div><\/div><div class='av-image-hotspot' data-avia-tooltip-position='top' data-avia-tooltip-alignment='left' data-avia-tooltip-class='av-tt-default-width av-tt-pos-above av-tt-align-left  av-mobile-fallback-active  transparent_dark av-tt-hotspot' data-avia-tooltip='&lt;p&gt;Dayan\u0131kl\u0131 Lastikler&lt;\/p&gt;\n' style='top: 76.3%; left: 39.5%; '><div class='av-image-hotspot_inner' style='background-color: #c2c9ce; color: #000000;'>8<\/div><div class='av-image-hotspot-pulse' style='background-color:#ffffff;'><\/div><\/div><div class='av-image-hotspot' data-avia-tooltip-position='top' data-avia-tooltip-alignment='left' data-avia-tooltip-class='av-tt-default-width av-tt-pos-above av-tt-align-left  av-mobile-fallback-active  transparent_dark av-tt-hotspot' data-avia-tooltip='&lt;p&gt;ST52 G\u00fc\u00e7l\u00fc G\u00f6vde&lt;\/p&gt;\n' style='top: 30.9%; left: 36.8%; '><div class='av-image-hotspot_inner' style='background-color: #c2c9ce; color: #000000;'>9<\/div><div class='av-image-hotspot-pulse' style='background-color:#e8e8e8;'><\/div><\/div><div class='av-image-hotspot' data-avia-tooltip-position='top' data-avia-tooltip-alignment='left' data-avia-tooltip-class='av-tt-default-width av-tt-pos-above av-tt-align-left  av-mobile-fallback-active  transparent_dark av-tt-hotspot' data-avia-tooltip='&lt;p&gt;Tender \u00c7ift Dingil&lt;\/p&gt;\n' style='top: 76.3%; left: 43.9%; '><div class='av-image-hotspot_inner' style='background-color: #c2c9ce; color: #000000;'>10<\/div><div class='av-image-hotspot-pulse' style='background-color:#e8e8e8;'><\/div><\/div><img class='avia_image ' src='https:\/\/fimaks.com\/wp-content\/uploads\/2022\/03\/PRO.png' alt='' title='PRO'   itemprop=\"thumbnailUrl\"  \/><\/div><\/div><\/div><div class='av-hotspot-fallback-tooltip'><div class='av-hotspot-fallback-tooltip-count'>1<div class='avia-arrow'><\/div><\/div><div class='av-hotspot-fallback-tooltip-inner clearfix'><p>\nHidrolik Emi\u015f Sistemi<\/p>\n<\/div><\/div><div class='av-hotspot-fallback-tooltip'><div class='av-hotspot-fallback-tooltip-count'>2<div class='avia-arrow'><\/div><\/div><div class='av-hotspot-fallback-tooltip-inner clearfix'><p>\nG\u00fc\u00e7l\u00fc \u0130talyan Pompa<\/p>\n<\/div><\/div><div class='av-hotspot-fallback-tooltip'><div class='av-hotspot-fallback-tooltip-count'>3<div class='avia-arrow'><\/div><\/div><div class='av-hotspot-fallback-tooltip-inner clearfix'><p>\nY\u00fcksek Bas\u0131n\u00e7 Sigorta Valfleri<\/p>\n<\/div><\/div><div class='av-hotspot-fallback-tooltip'><div class='av-hotspot-fallback-tooltip-count'>4<div class='avia-arrow'><\/div><\/div><div class='av-hotspot-fallback-tooltip-inner clearfix'><p>\nDayan\u0131kl\u0131 Vanalar<\/p>\n<\/div><\/div><div class='av-hotspot-fallback-tooltip'><div class='av-hotspot-fallback-tooltip-count'>5<div class='avia-arrow'><\/div><\/div><div class='av-hotspot-fallback-tooltip-inner clearfix'><p>\nAyarlanabilir Yay\u0131c\u0131 Plaka<\/p>\n<\/div><\/div><div class='av-hotspot-fallback-tooltip'><div class='av-hotspot-fallback-tooltip-count'>6<div class='avia-arrow'><\/div><\/div><div class='av-hotspot-fallback-tooltip-inner clearfix'><p>\nAyarlanabilir Destek Aya\u011f\u0131<\/p>\n<\/div><\/div><div class='av-hotspot-fallback-tooltip'><div class='av-hotspot-fallback-tooltip-count'>7<div class='avia-arrow'><\/div><\/div><div class='av-hotspot-fallback-tooltip-inner clearfix'><p>\nD\u00fc\u015f\u00fck Bas\u0131n\u00e7 Sigorta Valfleri<\/p>\n<\/div><\/div><div class='av-hotspot-fallback-tooltip'><div class='av-hotspot-fallback-tooltip-count'>8<div class='avia-arrow'><\/div><\/div><div class='av-hotspot-fallback-tooltip-inner clearfix'><p>\nDayan\u0131kl\u0131 Lastikler<\/p>\n<\/div><\/div><div class='av-hotspot-fallback-tooltip'><div class='av-hotspot-fallback-tooltip-count'>9<div class='avia-arrow'><\/div><\/div><div class='av-hotspot-fallback-tooltip-inner clearfix'><p>\nST52 G\u00fc\u00e7l\u00fc G\u00f6vde<\/p>\n<\/div><\/div><div class='av-hotspot-fallback-tooltip'><div class='av-hotspot-fallback-tooltip-count'>10<div class='avia-arrow'><\/div><\/div><div class='av-hotspot-fallback-tooltip-inner clearfix'><p>\nTender \u00c7ift Dingil<\/p>\n<\/div><\/div><\/div>\n<div style='padding-bottom:10px;' class='av-special-heading av-special-heading-h1  blockquote modern-quote modern-centered   av-thin-font '><h1 class='av-special-heading-tag '  itemprop=\"headline\"  >12000 L\u0130TRE SIVI G\u00dcBRE DA\u011eITIM TANKI<br \/>|<strong> FST 12000<\/strong> |<\/h1><div class='special-heading-border'><div class='special-heading-inner-border' ><\/div><\/div><\/div>\n<div  class='hr hr-default  '><span class='hr-inner ' ><span class='hr-inner-style'><\/span><\/span><\/div>\n<section class=\"av_textblock_section \"  itemscope=\"itemscope\" itemtype=\"https:\/\/schema.org\/CreativeWork\" ><div class='avia_textblock  '   itemprop=\"text\" ><p><span class=\"av_dropcap1 \" >F<\/span>imaks FST 12000 s\u0131v\u0131 g\u00fcbre tanklar\u0131 ile \u00e7iftliklerde olu\u015fan s\u0131v\u0131 hayvan g\u00fcbrelerinin havuzdan emilerek, homojen bir \u015fekilde tarlalara yay\u0131lmas\u0131 amac\u0131 ile geli\u015ftirilmi\u015ftir.<\/p>\n<p>Makinelerin \u00f6zel tasar\u0131ml\u0131 \u015faseleri ve al\u00e7ak yap\u0131lar\u0131, standart olarak sunulan geni\u015f tabanl\u0131 ve dayan\u0131kl\u0131 lastikleri sayesinde her t\u00fcrl\u00fc arazi \u015fartlar\u0131na uyum g\u00f6stererek, her yap\u0131daki tarlada rahatl\u0131kla \u00e7al\u0131\u015fmas\u0131 sa\u011flan\u0131r.<\/p>\n<p>S\u0131v\u0131 g\u00fcbre da\u011f\u0131t\u0131m tanklar\u0131n\u0131n \u00fczerlerindeki \u0130talyan pompalar sayesinde g\u00fcbrelerin emilmesi \u00e7ok h\u0131zl\u0131 ger\u00e7ekle\u015ftirilebilmekte, tarla \u00fczerine g\u00fc\u00e7l\u00fc ve etkili bir \u015fekilde p\u00fcsk\u00fcrt\u00fclebilmektedir. Pompalar\u0131n tanka sa\u011flad\u0131\u011f\u0131 art\u0131 ve eksi bas\u0131n\u00e7lar\u0131 g\u00f6steren barometre ve tank doluluk oran\u0131n\u0131 g\u00f6steren indikat\u00f6rler makine \u00fczerinde mevcut olup, kullan\u0131c\u0131n\u0131n makine \u00fczerinde kontrol\u00fc en \u00fcst d\u00fczeydedir.<\/p>\n<p>12000 litrelik kapasiteye sahip olan FST 12000 s\u0131v\u0131 g\u00fcbre da\u011f\u0131t\u0131m tank\u0131, manuel emi\u015f sistemine sahiptir. Emi\u015f hortumunun emi\u015f vanas\u0131na tak\u0131lmas\u0131 ile\u00a0 s\u0131v\u0131 emi\u015fe ge\u00e7er. Opsiyonel olarak sunulan hidrolik emi\u015f sistemine sahip s\u0131v\u0131 g\u00fcbre herhangi bir ekstra i\u015f gerektirmeden, trakt\u00f6r \u00fczerinden emi\u015fe ge\u00e7irilebilir.\u00a0 Sadece saniyeler s\u00fcren haz\u0131rlanma a\u015famas\u0131 ve g\u00fc\u00e7l\u00fc pompalar sayesinde k\u0131salan emi\u015f ve yayma i\u015flemi sayesinde zamandan tasarruf ederek, verimlili\u011fi artt\u0131r\u0131r.<\/p>\n<p>Fimaks FST 12000 S\u0131v\u0131 g\u00fcbre da\u011f\u0131t\u0131m tanklar\u0131n\u0131n opsiyonel \u00f6zellikleri i\u00e7erisinde, makine kullan\u0131m\u0131nda rahatl\u0131k sa\u011flayan <b>hidrolik emi\u015f sistemi<\/b>, g\u00f6vde \u00f6mr\u00fcn\u00fc uzatan\u00a0<strong>galvaniz kaplama, <\/strong>g\u00fcvenli\u011fi artt\u0131ran<strong> hidrolik fren<\/strong> ve trafi\u011fe \u00e7\u0131kmas\u0131 gereken kullan\u0131c\u0131lar i\u00e7in<strong> trafik \u0131\u015f\u0131klar\u0131,\u00a0 <\/strong>uzak mesafelere ula\u015fabilen<strong> \u00fcst at\u0131c\u0131, <\/strong>mevcuttur.<\/p>\n<\/div><\/section>\n<div  class='hr hr-default  '><span class='hr-inner ' ><span class='hr-inner-style'><\/span><\/span><\/div>\n<div class=\"flex_column av_one_half  flex_column_div first  \" ><div class='avia-image-container  av-styling-    avia-align-center '  itemprop=\"ImageObject\" itemscope=\"itemscope\" itemtype=\"https:\/\/schema.org\/ImageObject\"  ><div class='avia-image-container-inner'><img class='avia_image ' src='https:\/\/fimaks.com\/wp-content\/uploads\/2022\/03\/PRO-SMALL-1-1.jpg' alt='' title='PRO-SMALL-1'   itemprop=\"thumbnailUrl\"  \/><\/div><\/div><\/div>\n<div class=\"flex_column av_one_half  flex_column_div av-zero-column-padding   \" style='border-radius:0px; '><div class='avia-image-container  av-styling-    avia-align-center '  itemprop=\"ImageObject\" itemscope=\"itemscope\" itemtype=\"https:\/\/schema.org\/ImageObject\"  ><div class='avia-image-container-inner'><img class='avia_image ' src='https:\/\/fimaks.com\/wp-content\/uploads\/2022\/03\/PRO-SMALL-4.jpg' alt='' title='PRO-SMALL'   itemprop=\"thumbnailUrl\"  \/><\/div><\/div><\/div>\n<div  class='hr hr-default  '><span class='hr-inner ' ><span class='hr-inner-style'><\/span><\/span><\/div>\n<div class='avia-data-table-wrap avia_responsive_table'><table class='avia-table avia-data-table avia-table-1  avia_pricing_default '  itemscope=\"itemscope\" itemtype=\"https:\/\/schema.org\/Table\" ><tbody><tr class=''><td class=''>HAC\u0130M (litre)<\/td><td class=''>12000<\/td><\/tr><tr class=''><td class=''>Y\u00dcKSEKL\u0130K (mm)<\/td><td class=''>3100<\/td><\/tr><tr class=''><td class=''>UZUNLUK (mm)<\/td><td class=''>7000<\/td><\/tr><tr class=''><td class=''>GEN\u0130\u015eL\u0130K (mm)<\/td><td class=''>2850<\/td><\/tr><tr class=''><td class=''>A\u011eIRLIK (kg)<\/td><td class=''>5410<\/td><\/tr><tr class=''><td class=''>POMPA KAPAS\u0130TES\u0130 (litre\/dakika)<\/td><td class=''>8000<\/td><\/tr><tr class=''><td class=''>PTO DEVR\u0130 (rpm)<\/td><td class=''>540<\/td><\/tr><tr class=''><td class=''>G\u00dc\u00c7 GEREKS\u0130N\u0130M\u0130 (kW\/hp)<\/td><td class=''>80<\/td><\/tr><tr class=''><td class=''>TEKERLEK \u00d6L\u00c7\u00dcLER\u0130<\/td><td class=''>2 x (600.50 x 22.5)<\/td><\/tr><\/tbody><\/table><\/div><style type='text\/css'><\/style>\n<div  class='hr hr-default  '><span class='hr-inner ' ><span class='hr-inner-style'><\/span><\/span><\/div>\n<div class=\"flex_column av_one_third  flex_column_div av-zero-column-padding first  \" style='border-radius:0px; '><div class='avia-image-container  av-styling-  noHover  av-overlay-on-hover   avia-align-center '  itemprop=\"ImageObject\" itemscope=\"itemscope\" itemtype=\"https:\/\/schema.org\/ImageObject\"  ><div class='avia-image-container-inner'><div class='av-image-caption-overlay'><div class='av-caption-image-overlay-bg' style='opacity:0.4; background-color:#000000; '><\/div><div class='av-image-caption-overlay-position'><div class='av-image-caption-overlay-center' style='color:#ffffff; '><p>AYARLANAB\u0130L\u0130R YAYICI PLAKA<\/p>\n<\/div><\/div><\/div><img class='avia_image ' src='https:\/\/fimaks.com\/wp-content\/uploads\/2017\/11\/Ayarlanabilir-arka-plaka.jpg' alt='' title='Ayarlanabilir Yay\u0131c\u0131 Plaka'   itemprop=\"thumbnailUrl\"  \/><\/div><\/div><\/div>\n<div class=\"flex_column av_one_third  flex_column_div av-zero-column-padding   \" style='border-radius:0px; '><div class='avia-image-container  av-styling-  noHover  av-overlay-on-hover   avia-align-center '  itemprop=\"ImageObject\" itemscope=\"itemscope\" itemtype=\"https:\/\/schema.org\/ImageObject\"  ><div class='avia-image-container-inner'><div class='av-image-caption-overlay'><div class='av-caption-image-overlay-bg' style='opacity:0.4; background-color:#000000; '><\/div><div class='av-image-caption-overlay-position'><div class='av-image-caption-overlay-center' style='color:#ffffff; '><p>D\u00dc\u015e\u00dcK BASIN\u00c7 S\u0130GORTA VALFLER\u0130<\/p>\n<\/div><\/div><\/div><img class='avia_image ' src='https:\/\/fimaks.com\/wp-content\/uploads\/2017\/11\/D\u00fc\u015f\u00fck-Bas\u0131n\u00e7-Valfi.jpg' alt='' title='D\u00fc\u015f\u00fck Bas\u0131n\u00e7 Valfi'   itemprop=\"thumbnailUrl\"  \/><\/div><\/div><\/div>\n<div class=\"flex_column av_one_third  flex_column_div av-zero-column-padding   \" style='border-radius:0px; '><div class='avia-image-container  av-styling-  noHover  av-overlay-on-hover   avia-align-center '  itemprop=\"ImageObject\" itemscope=\"itemscope\" itemtype=\"https:\/\/schema.org\/ImageObject\"  ><div class='avia-image-container-inner'><div class='av-image-caption-overlay'><div class='av-caption-image-overlay-bg' style='opacity:0.4; background-color:#000000; '><\/div><div class='av-image-caption-overlay-position'><div class='av-image-caption-overlay-center' style='color:#ffffff; '><p>OPS\u0130YONEL GALVAN\u0130Z G\u00d6VDE<\/p>\n<\/div><\/div><\/div><img class='avia_image ' src='https:\/\/fimaks.com\/wp-content\/uploads\/2017\/11\/Galvaniz.jpg' alt='' title='Galvaniz G\u00f6vde'   itemprop=\"thumbnailUrl\"  \/><\/div><\/div><\/div>\n<div class=\"flex_column av_one_third  flex_column_div av-zero-column-padding first  \" style='border-radius:0px; '><div class='avia-image-container  av-styling-  noHover  av-overlay-on-hover   avia-align-center '  itemprop=\"ImageObject\" itemscope=\"itemscope\" itemtype=\"https:\/\/schema.org\/ImageObject\"  ><div class='avia-image-container-inner'><div class='av-image-caption-overlay'><div class='av-caption-image-overlay-bg' style='opacity:0.4; background-color:#000000; '><\/div><div class='av-image-caption-overlay-position'><div class='av-image-caption-overlay-center' style='color:#ffffff; '><p>OPS\u0130YONEL H\u0130DROL\u0130K EM\u0130\u015e S\u0130STEM\u0130<\/p>\n<\/div><\/div><\/div><img class='avia_image ' src='https:\/\/fimaks.com\/wp-content\/uploads\/2017\/11\/Hidrolik-Emi\u015f.jpg' alt='' title='Hidrolik Emi\u015f'   itemprop=\"thumbnailUrl\"  \/><\/div><\/div><\/div>\n<div class=\"flex_column av_one_third  flex_column_div av-zero-column-padding   \" style='border-radius:0px; '><div class='avia-image-container  av-styling-  noHover  av-overlay-on-hover   avia-align-center '  itemprop=\"ImageObject\" itemscope=\"itemscope\" itemtype=\"https:\/\/schema.org\/ImageObject\"  ><div class='avia-image-container-inner'><div class='av-image-caption-overlay'><div class='av-caption-image-overlay-bg' style='opacity:0.4; background-color:#000000; '><\/div><div class='av-image-caption-overlay-position'><div class='av-image-caption-overlay-center' style='color:#ffffff; '><p>OPS\u0130YONEL H\u0130DROL\u0130K FREN S\u0130STEM\u0130<\/p>\n<\/div><\/div><\/div><img class='avia_image ' src='https:\/\/fimaks.com\/wp-content\/uploads\/2017\/11\/Hidrolik-Fren.jpg' alt='' title='Hidrolik Fren'   itemprop=\"thumbnailUrl\"  \/><\/div><\/div><\/div>\n<div class=\"flex_column av_one_third  flex_column_div av-zero-column-padding   \" style='border-radius:0px; '><div class='avia-image-container  av-styling-  noHover  av-overlay-on-hover   avia-align-center '  itemprop=\"ImageObject\" itemscope=\"itemscope\" itemtype=\"https:\/\/schema.org\/ImageObject\"  ><div class='avia-image-container-inner'><div class='av-image-caption-overlay'><div class='av-caption-image-overlay-bg' style='opacity:0.4; background-color:#000000; '><\/div><div class='av-image-caption-overlay-position'><div class='av-image-caption-overlay-center' style='color:#ffffff; '><p>G\u00dc\u00c7L\u00dc \u0130TALYAN POMPALAR<\/p>\n<\/div><\/div><\/div><img class='avia_image ' src='https:\/\/fimaks.com\/wp-content\/uploads\/2017\/11\/\u0130talyan-Pompa.jpg' alt='' title='\u0130talyan Pompa'   itemprop=\"thumbnailUrl\"  \/><\/div><\/div><\/div>\n<div class=\"flex_column av_one_third  flex_column_div av-zero-column-padding first  \" style='border-radius:0px; '><div class='avia-image-container  av-styling-  noHover  av-overlay-on-hover   avia-align-center '  itemprop=\"ImageObject\" itemscope=\"itemscope\" itemtype=\"https:\/\/schema.org\/ImageObject\"  ><div class='avia-image-container-inner'><div class='av-image-caption-overlay'><div class='av-caption-image-overlay-bg' style='opacity:0.4; background-color:#000000; '><\/div><div class='av-image-caption-overlay-position'><div class='av-image-caption-overlay-center' style='color:#ffffff; '><p>DAYANIKLI LAST\u0130KLER<\/p>\n<\/div><\/div><\/div><img class='avia_image ' src='https:\/\/fimaks.com\/wp-content\/uploads\/2017\/11\/Lastikler.jpg' alt='' title='Dayan\u0131kl\u0131 Lastikler'   itemprop=\"thumbnailUrl\"  \/><\/div><\/div><\/div>\n<div class=\"flex_column av_one_third  flex_column_div av-zero-column-padding   \" style='border-radius:0px; '><div class='avia-image-container  av-styling-  noHover  av-overlay-on-hover   avia-align-center '  itemprop=\"ImageObject\" itemscope=\"itemscope\" itemtype=\"https:\/\/schema.org\/ImageObject\"  ><div class='avia-image-container-inner'><div class='av-image-caption-overlay'><div class='av-caption-image-overlay-bg' style='opacity:0.4; background-color:#000000; '><\/div><div class='av-image-caption-overlay-position'><div class='av-image-caption-overlay-center' style='color:#ffffff; '><p>MANUEL EM\u0130\u015e S\u0130STEM\u0130<\/p>\n<\/div><\/div><\/div><img class='avia_image ' src='https:\/\/fimaks.com\/wp-content\/uploads\/2017\/11\/Manuel-emi\u015f.jpg' alt='' title='Manuel emi\u015f'   itemprop=\"thumbnailUrl\"  \/><\/div><\/div><\/div>\n<div class=\"flex_column av_one_third  flex_column_div av-zero-column-padding   \" style='border-radius:0px; '><div class='avia-image-container  av-styling-  noHover  av-overlay-on-hover   avia-align-center '  itemprop=\"ImageObject\" itemscope=\"itemscope\" itemtype=\"https:\/\/schema.org\/ImageObject\"  ><div class='avia-image-container-inner'><div class='av-image-caption-overlay'><div class='av-caption-image-overlay-bg' style='opacity:0.4; background-color:#000000; '><\/div><div class='av-image-caption-overlay-position'><div class='av-image-caption-overlay-center' style='color:#ffffff; '><p>ST 52 METAL G\u00d6VDE<\/p>\n<\/div><\/div><\/div><img class='avia_image ' src='https:\/\/fimaks.com\/wp-content\/uploads\/2017\/11\/ST52-G\u00f6vde.jpg' alt='' title='ST52 G\u00f6vde'   itemprop=\"thumbnailUrl\"  \/><\/div><\/div><\/div>\n<div class=\"flex_column av_one_third  flex_column_div av-zero-column-padding first  \" style='border-radius:0px; '><div class='avia-image-container  av-styling-  noHover  av-overlay-on-hover   avia-align-center '  itemprop=\"ImageObject\" itemscope=\"itemscope\" itemtype=\"https:\/\/schema.org\/ImageObject\"  ><div class='avia-image-container-inner'><div class='av-image-caption-overlay'><div class='av-caption-image-overlay-bg' style='opacity:0.4; background-color:#000000; '><\/div><div class='av-image-caption-overlay-position'><div class='av-image-caption-overlay-center' style='color:#ffffff; '><p>S\u00dcSPANS\u0130YON S\u0130STEM\u0130<\/p>\n<\/div><\/div><\/div><img class='avia_image ' src='https:\/\/fimaks.com\/wp-content\/uploads\/2017\/11\/S\u00fcspansiyon.jpg' alt='' title='S\u00fcspansiyon Sistemi'   itemprop=\"thumbnailUrl\"  \/><\/div><\/div><\/div>\n<div class=\"flex_column av_one_third  flex_column_div av-zero-column-padding   \" style='border-radius:0px; '><div class='avia-image-container  av-styling-  noHover  av-overlay-on-hover   avia-align-center '  itemprop=\"ImageObject\" itemscope=\"itemscope\" itemtype=\"https:\/\/schema.org\/ImageObject\"  ><div class='avia-image-container-inner'><div class='av-image-caption-overlay'><div class='av-caption-image-overlay-bg' style='opacity:0.4; background-color:#000000; '><\/div><div class='av-image-caption-overlay-position'><div class='av-image-caption-overlay-center' style='color:#ffffff; '><p>OPS\u0130YONEL TRAF\u0130K I\u015eIKLARI<\/p>\n<\/div><\/div><\/div><img class='avia_image ' src='https:\/\/fimaks.com\/wp-content\/uploads\/2017\/11\/Trafik-I\u015f\u0131klar\u0131.jpg' alt='' title='Trafik I\u015f\u0131klar\u0131'   itemprop=\"thumbnailUrl\"  \/><\/div><\/div><\/div>\n<div class=\"flex_column av_one_third  flex_column_div av-zero-column-padding   \" style='border-radius:0px; '><div class='avia-image-container  av-styling-  noHover  av-overlay-on-hover   avia-align-center '  itemprop=\"ImageObject\" itemscope=\"itemscope\" itemtype=\"https:\/\/schema.org\/ImageObject\"  ><div class='avia-image-container-inner'><div class='av-image-caption-overlay'><div class='av-caption-image-overlay-bg' style='opacity:0.4; background-color:#000000; '><\/div><div class='av-image-caption-overlay-position'><div class='av-image-caption-overlay-center' style='color:#ffffff; '><p>OPS\u0130YONEL \u00dcST ATICI<\/p>\n<\/div><\/div><\/div><img class='avia_image ' src='https:\/\/fimaks.com\/wp-content\/uploads\/2017\/11\/\u00dcst-At\u0131c\u0131.jpg' alt='' title='Opsiyonel \u00dcst At\u0131c\u0131'   itemprop=\"thumbnailUrl\"  \/><\/div><\/div><\/div>\n<div class=\"flex_column av_one_third  flex_column_div av-zero-column-padding first  \" style='border-radius:0px; '><div class='avia-image-container  av-styling-  noHover  av-overlay-on-hover   avia-align-center '  itemprop=\"ImageObject\" itemscope=\"itemscope\" itemtype=\"https:\/\/schema.org\/ImageObject\"  ><div class='avia-image-container-inner'><div class='av-image-caption-overlay'><div class='av-caption-image-overlay-bg' style='opacity:0.4; background-color:#000000; '><\/div><div class='av-image-caption-overlay-position'><div class='av-image-caption-overlay-center' style='color:#ffffff; '><p>TENDER \u00c7\u0130FT D\u0130NG\u0130L<\/p>\n<\/div><\/div><\/div><img class='avia_image ' src='https:\/\/fimaks.com\/wp-content\/uploads\/2022\/03\/CIFT-DINGIL-scaled.jpg' alt='' title='\u00c7\u0130FT-D\u0130NG\u0130L'   itemprop=\"thumbnailUrl\"  \/><\/div><\/div><\/div>\t<div  class='av_promobox  avia-button-yes '>\t\t<div class='avia-promocontent'><p>\nBilgi almak, istek ve \u00f6nerileriniz i\u00e7in bizimle ileti\u015fime ge\u00e7in.<\/p>\n<\/div><div class='avia-button-wrap avia-button-right '><a href='http:\/\/fimaks.com\/fr\/contact\/' class='avia-button   avia-icon_select-no avia-color-theme-color avia-size-large avia-position-right '   ><span class='avia_iconbox_title' >\u0130LET\u0130\u015e\u0130M<\/span><\/a><\/div>\t<\/div><\/p>\n","protected":false},"excerpt":{"rendered":"","protected":false},"author":1,"featured_media":0,"parent":11883,"menu_order":0,"comment_status":"closed","ping_status":"closed","template":"","meta":{"_exactmetrics_skip_tracking":false,"_exactmetrics_sitenote_active":false,"_exactmetrics_sitenote_note":"","_exactmetrics_sitenote_category":0,"footnotes":""},"yst_prominent_words":[],"class_list":["post-26031","page","type-page","status-publish","hentry"],"_links":{"self":[{"href":"https:\/\/fimaks.com\/fr\/wp-json\/wp\/v2\/pages\/26031","targetHints":{"allow":["GET"]}}],"collection":[{"href":"https:\/\/fimaks.com\/fr\/wp-json\/wp\/v2\/pages"}],"about":[{"href":"https:\/\/fimaks.com\/fr\/wp-json\/wp\/v2\/types\/page"}],"author":[{"embeddable":true,"href":"https:\/\/fimaks.com\/fr\/wp-json\/wp\/v2\/users\/1"}],"replies":[{"embeddable":true,"href":"https:\/\/fimaks.com\/fr\/wp-json\/wp\/v2\/comments?post=26031"}],"version-history":[{"count":16,"href":"https:\/\/fimaks.com\/fr\/wp-json\/wp\/v2\/pages\/26031\/revisions"}],"predecessor-version":[{"id":26133,"href":"https:\/\/fimaks.com\/fr\/wp-json\/wp\/v2\/pages\/26031\/revisions\/26133"}],"up":[{"embeddable":true,"href":"https:\/\/fimaks.com\/fr\/wp-json\/wp\/v2\/pages\/11883"}],"wp:attachment":[{"href":"https:\/\/fimaks.com\/fr\/wp-json\/wp\/v2\/media?parent=26031"}],"wp:term":[{"taxonomy":"yst_prominent_words","embeddable":true,"href":"https:\/\/fimaks.com\/fr\/wp-json\/wp\/v2\/yst_prominent_words?post=26031"}],"curies":[{"name":"wp","href":"https:\/\/api.w.org\/{rel}","templated":true}]}}