{"id":10151,"date":"2018-03-28T18:00:07","date_gmt":"2018-03-28T15:00:07","guid":{"rendered":"http:\/\/fimaks.com\/%d1%80%d0%be%d1%82%d0%be%d1%80%d0%bd%d1%8b%d0%b5-%d1%80%d0%b5%d0%b9%d0%ba%d0%b8\/"},"modified":"2018-11-27T11:34:56","modified_gmt":"2018-11-27T08:34:56","slug":"%d1%80%d0%be%d1%82%d0%be%d1%80%d0%bd%d1%8b%d0%b5-%d1%80%d0%b5%d0%b9%d0%ba%d0%b8","status":"publish","type":"page","link":"https:\/\/fimaks.com\/ru\/%d1%80%d0%be%d1%82%d0%be%d1%80%d0%bd%d1%8b%d0%b5-%d1%80%d0%b5%d0%b9%d0%ba%d0%b8\/","title":{"rendered":"\u0420\u041e\u0422\u041e\u0420\u041d\u042b\u0415 \u0413\u0420\u0410\u0411\u041b\u0418"},"content":{"rendered":"<div class='av-hotspot-image-container avia_animate_when_almost_visible   av-hotspot-numbered av-mobile-fallback-active    av-non-fullwidth-hotspot-image '  itemprop=\"ImageObject\" itemscope=\"itemscope\" itemtype=\"https:\/\/schema.org\/ImageObject\"  ><div class='av-hotspot-container'><div class='av-hotspot-container-inner-cell'><div class='av-hotspot-container-inner-wrap'><img class='avia_image ' src='https:\/\/fimaks.com\/wp-content\/uploads\/2018\/03\/NAMLU-YAPMA-MAK\u0130NES\u0130-HEL\u0130KOPTER-OT-TOPLAMA.jpg' alt='NAMLU-YAPMA-MAK\u0130NES\u0130-HEL\u0130KOPTER-OT-TOPLAMA' title='NAMLU-YAPMA-MAK\u0130NES\u0130-HEL\u0130KOPTER-OT-TOPLAMA'   itemprop=\"thumbnailUrl\"  \/><\/div><\/div><\/div><\/div>\n<\/div><\/div><\/div><!-- close content main div --><\/div><\/div><div id='av_section_1' class='avia-section main_color avia-section-default avia-no-shadow avia-bg-style-scroll   container_wrap sidebar_right'   ><div class='container' ><div class='template-page content  av-content-small alpha units'><div class='post-entry post-entry-type-page post-entry-10151'><div class='entry-content-wrapper clearfix'>\n<div class=\"flex_column av_one_third  flex_column_div av-zero-column-padding first  \" style='border-radius:0px; '><p><div class='avia-image-container  av-styling-    avia-align-center '  itemprop=\"ImageObject\" itemscope=\"itemscope\" itemtype=\"https:\/\/schema.org\/ImageObject\"  ><div class='avia-image-container-inner'><a href='https:\/\/fimaks.com\/ru\/%d1%80%d0%be%d1%82%d0%be%d1%80%d0%bd%d1%8b%d0%b5-%d1%80%d0%b5%d0%b9%d0%ba%d0%b8\/%d1%80%d0%be%d1%82%d0%be%d1%80%d0%bd%d1%8b%d0%b5-%d0%b3%d1%80%d0%b0%d0%b1%d0%bb%d0%b8-9-%d0%bf%d0%bb%d0%b5%d1%87\/' class='avia_image'  ><img class='avia_image ' src='https:\/\/fimaks.com\/wp-content\/uploads\/2018\/03\/9-KOLLU-NAMLU-YAPMA-MAK\u0130NES\u0130-HEL\u0130KOPTER-OT-TOPLAMA.jpg' alt='' title='9-KOLLU-NAMLU-YAPMA-MAK\u0130NES\u0130-HEL\u0130KOPTER-OT-TOPLAMA'  itemprop=\"thumbnailUrl\"  \/><\/a><\/div><\/div><br \/>\n<section class=\"av_textblock_section \"  itemscope=\"itemscope\" itemtype=\"https:\/\/schema.org\/CreativeWork\" ><div class='avia_textblock  av_inherit_color '  style='color:#4f4f4f; '  itemprop=\"text\" ><h5 style=\"text-align: center;\">9 \u043f\u043b\u0435\u0447<br \/>\n\u0420\u041e\u0422\u041e\u0420\u041d\u042b\u0415 \u0413\u0420\u0410\u0411\u041b\u0418<br \/>\nFMR 330<\/h5>\n<\/div><\/section><br \/>\n<div style=' margin-top:5px; margin-bottom:30px;'  class='hr hr-custom hr-center hr-icon-yes  '><span class='hr-inner   inner-border-av-border-fat' style=' width:50px;' ><span class='hr-inner-style'><\/span><\/span><span class='av-seperator-icon' style='color:#a8a8a8;' aria-hidden='true' data-av_icon='\ue855' data-av_iconfont='entypo-fontello'><\/span><span class='hr-inner   inner-border-av-border-fat' style=' width:50px;' ><span class='hr-inner-style'><\/span><\/span><\/div><\/p><\/div><div class=\"flex_column av_one_third  flex_column_div av-zero-column-padding   \" style='border-radius:0px; '><p><div class='avia-image-container  av-styling-    avia-align-center '  itemprop=\"ImageObject\" itemscope=\"itemscope\" itemtype=\"https:\/\/schema.org\/ImageObject\"  ><div class='avia-image-container-inner'><a href='https:\/\/fimaks.com\/ru\/%d1%80%d0%be%d1%82%d0%be%d1%80%d0%bd%d1%8b%d0%b5-%d1%80%d0%b5%d0%b9%d0%ba%d0%b8\/%d0%be%d1%82%d0%be%d1%80%d0%bd%d1%8b%d0%b5-%d0%b3%d1%80%d0%b0%d0%b1%d0%bb%d0%b8-11-%d0%bf%d0%bb%d0%b5%d1%87\/' class='avia_image'  ><img class='avia_image ' src='https:\/\/fimaks.com\/wp-content\/uploads\/2018\/03\/11-KOLLU-NAMLU-YAPMA-MAK\u0130NES\u0130-HEL\u0130KOPTER-OT-TOPLAMA.jpg' alt='' title='11-KOLLU-NAMLU-YAPMA-MAK\u0130NES\u0130-HEL\u0130KOPTER-OT-TOPLAMA'  itemprop=\"thumbnailUrl\"  \/><\/a><\/div><\/div><br \/>\n<section class=\"av_textblock_section \"  itemscope=\"itemscope\" itemtype=\"https:\/\/schema.org\/CreativeWork\" ><div class='avia_textblock  av_inherit_color '  style='color:#4f4f4f; '  itemprop=\"text\" ><h5 style=\"text-align: center;\">11 \u043f\u043b\u0435\u0447<br \/>\n\u0420\u041e\u0422\u041e\u0420\u041d\u042b\u0415 \u0413\u0420\u0410\u0411\u041b\u0418<br \/>\nFMR 440<\/h5>\n<\/div><\/section><br \/>\n<div style=' margin-top:5px; margin-bottom:30px;'  class='hr hr-custom hr-center hr-icon-yes  '><span class='hr-inner   inner-border-av-border-fat' style=' width:50px;' ><span class='hr-inner-style'><\/span><\/span><span class='av-seperator-icon' style='color:#a8a8a8;' aria-hidden='true' data-av_icon='\ue855' data-av_iconfont='entypo-fontello'><\/span><span class='hr-inner   inner-border-av-border-fat' style=' width:50px;' ><span class='hr-inner-style'><\/span><\/span><\/div><\/p><\/div><div class=\"flex_column av_one_third  flex_column_div av-zero-column-padding   \" style='border-radius:0px; '><p><div class='avia-image-container  av-styling-    avia-align-center '  itemprop=\"ImageObject\" itemscope=\"itemscope\" itemtype=\"https:\/\/schema.org\/ImageObject\"  ><div class='avia-image-container-inner'><a href='https:\/\/fimaks.com\/ru\/%d1%80%d0%be%d1%82%d0%be%d1%80%d0%bd%d1%8b%d0%b5-%d1%80%d0%b5%d0%b9%d0%ba%d0%b8\/%d1%80%d0%be%d1%82%d0%be%d1%80%d0%bd%d1%8b%d0%b5-%d0%b3%d1%80%d0%b0%d0%b1%d0%bb%d0%b8-22-%d0%bf%d0%bb%d0%b5%d1%87-%d0%b4%d0%b2%d0%be%d0%b9%d0%bd%d0%be%d0%b9-%d1%80%d0%be%d1%82%d0%be%d1%80\/' class='avia_image'  ><img class='avia_image ' src='https:\/\/fimaks.com\/wp-content\/uploads\/2018\/03\/22-KOLLU-DOUBLE-NAMLU-YAPMA-MAK\u0130NES\u0130-HEL\u0130KOPTER-OT-TOPLAMA.jpg' alt='' title='22-KOLLU-DOUBLE-NAMLU-YAPMA-MAK\u0130NES\u0130-HEL\u0130KOPTER-OT-TOPLAMA'  itemprop=\"thumbnailUrl\"  \/><\/a><\/div><\/div><br \/>\n<section class=\"av_textblock_section \"  itemscope=\"itemscope\" itemtype=\"https:\/\/schema.org\/CreativeWork\" ><div class='avia_textblock  av_inherit_color '  style='color:#4f4f4f; '  itemprop=\"text\" ><h5 style=\"text-align: center;\">22 \u043f\u043b\u0435\u0447 | \u0414\u0412\u041e\u0419\u041d\u041e\u0419 \u0420\u041e\u0422\u041e\u0420<br \/>\n\u0420\u041e\u0422\u041e\u0420\u041d\u042b\u0415 \u0413\u0420\u0410\u0411\u041b\u0418<br \/>\nFMR 700<\/h5>\n<\/div><\/section><br \/>\n<div style=' margin-top:5px; margin-bottom:30px;'  class='hr hr-custom hr-center hr-icon-yes  '><span class='hr-inner   inner-border-av-border-fat' style=' width:50px;' ><span class='hr-inner-style'><\/span><\/span><span class='av-seperator-icon' style='color:#a8a8a8;' aria-hidden='true' data-av_icon='\ue855' data-av_iconfont='entypo-fontello'><\/span><span class='hr-inner   inner-border-av-border-fat' style=' width:50px;' ><span class='hr-inner-style'><\/span><\/span><\/div><\/p><\/div><\/div><\/div><\/div><!-- close content main div --><\/div><\/div><div id='after_section_1' class='main_color av_default_container_wrap container_wrap sidebar_right'   ><div class='container' ><div class='template-page content  av-content-small alpha units'><div class='post-entry post-entry-type-page post-entry-10151'><div class='entry-content-wrapper clearfix'><div class='av-hotspot-image-container avia_animate_when_almost_visible   av-hotspot-numbered av-mobile-fallback-active    av-non-fullwidth-hotspot-image '  itemprop=\"ImageObject\" itemscope=\"itemscope\" itemtype=\"https:\/\/schema.org\/ImageObject\"  ><div class='av-hotspot-container'><div class='av-hotspot-container-inner-cell'><div class='av-hotspot-container-inner-wrap'><img class='avia_image ' src='https:\/\/fimaks.com\/wp-content\/uploads\/2013\/04\/Untitled-4.jpg' alt='' title='Untitled-4'   itemprop=\"thumbnailUrl\"  \/><\/div><\/div><\/div><\/div><\/p>\n","protected":false},"excerpt":{"rendered":"","protected":false},"author":1,"featured_media":0,"parent":0,"menu_order":0,"comment_status":"closed","ping_status":"closed","template":"","meta":{"_exactmetrics_skip_tracking":false,"_exactmetrics_sitenote_active":false,"_exactmetrics_sitenote_note":"","_exactmetrics_sitenote_category":0,"footnotes":""},"yst_prominent_words":[],"class_list":["post-10151","page","type-page","status-publish","hentry"],"_links":{"self":[{"href":"https:\/\/fimaks.com\/ru\/wp-json\/wp\/v2\/pages\/10151","targetHints":{"allow":["GET"]}}],"collection":[{"href":"https:\/\/fimaks.com\/ru\/wp-json\/wp\/v2\/pages"}],"about":[{"href":"https:\/\/fimaks.com\/ru\/wp-json\/wp\/v2\/types\/page"}],"author":[{"embeddable":true,"href":"https:\/\/fimaks.com\/ru\/wp-json\/wp\/v2\/users\/1"}],"replies":[{"embeddable":true,"href":"https:\/\/fimaks.com\/ru\/wp-json\/wp\/v2\/comments?post=10151"}],"version-history":[{"count":14,"href":"https:\/\/fimaks.com\/ru\/wp-json\/wp\/v2\/pages\/10151\/revisions"}],"predecessor-version":[{"id":16530,"href":"https:\/\/fimaks.com\/ru\/wp-json\/wp\/v2\/pages\/10151\/revisions\/16530"}],"wp:attachment":[{"href":"https:\/\/fimaks.com\/ru\/wp-json\/wp\/v2\/media?parent=10151"}],"wp:term":[{"taxonomy":"yst_prominent_words","embeddable":true,"href":"https:\/\/fimaks.com\/ru\/wp-json\/wp\/v2\/yst_prominent_words?post=10151"}],"curies":[{"name":"wp","href":"https:\/\/api.w.org\/{rel}","templated":true}]}}